{"id":11050,"date":"2023-05-11T12:53:46","date_gmt":"2023-05-11T10:53:46","guid":{"rendered":"https:\/\/www.creativart.cloud\/demo\/?page_id=11050"},"modified":"2023-10-25T11:52:09","modified_gmt":"2023-10-25T09:52:09","slug":"home","status":"publish","type":"page","link":"https:\/\/www.spheraencapsulation.com\/it\/","title":{"rendered":"Homepage"},"content":{"rendered":"<p>homepage-slider-en-1<br \/>hide<\/p>\n<p>homepage-slider-it-mob<br \/>hide<\/p>\n<p>Incapsulazione ispirata dalla natura<br \/>#E84B28<br \/>small<\/p>\n<p>Usiamo la tecnologia per costruire un mondo sostenibile<br \/>#122236<br \/>title-big<\/p>\n<p>Sphera Encapsulation \u00e8 la prima azienda italiana dedicata al 100% alla ricerca e sviluppo nel campo delle tecnologie di incapsulazione. Nasciamo come start-up innovativa e tra i nostri valori fondanti emerge l\u2019attenzione per l\u2019ambiente e per le persone. Per questo offriamo formulazioni totalmente sostenibili e diamo valore alle scelte etiche del consumatore offrendo prodotti che sono realmente in grado di migliorare il benessere della persona.<br \/>pe-lg<\/p>\n<p>Azienda<br \/><a href=\"\">{permalink:11693}<\/a><br \/>left<br \/>2<br \/>btn<\/p>\n<p>La tua soluzione<br \/>#E84B28<br \/>small<\/p>\n<p>Incapsulazione personalizzata e avanzata<br \/>#122236<br \/>title-big<\/p>\n<p>Il nostro core-business \u00e8 l\u2019incapsulazione, ovvero un insieme di approcci atti ad inglobare una sostanza all\\&#8217;interno di un\\&#8217;altra che funge da barriera protettiva. Grazie a questa tecnologia siamo in grado di ottenere particelle o capsule caratterizzate da un diametro di circa 1-1000 micron nel caso della micro-incapsulazione, o inferiore a 1000 micron quando invece parliamo di nano-incapsulazione<br \/>pe-lg<\/p>\n<p>Incapsulazione<br \/><a href=\"\">{permalink:11773}<\/a><br \/>left<br \/>2<br \/>btn<\/p>\n<h1>SpherAQ\u00ae:avanguardia nel mondo dell\\&#8217;incapsulazione<\/h1>\n<p>center<br \/>text-white<\/p>\n<p>Scopri di pi\u00f9<br \/><a href=\"\">{permalink:11785}<\/a><br \/>right<br \/>4<br \/>right<br \/>#ffffff<br \/>btn btn-white<\/p>\n<p>Le nostre specialit\u00e0<br \/>#E84B28<br \/>small<\/p>\n<p>Prodotti personalizzati per prestazioni specifiche<br \/>#122236<br \/>title-big<\/p>\n<p>Il nostro laboratorio \u00e8 il cuore dell\u2019attivit\u00e0, ed \u00e8 l\u00ec che esperienza e creativit\u00e0 creano un mix perfetto dando grandi risultati: le nostre microcapsule, o microsfere, 100% biodegradabili.<br \/>\n<br \/>Ogni nostro progetto nasce da un\u2019esigenza specifica: che sia un problema che ci poniamo noi o una richiesta di un cliente, l\u2019obiettivo \u00e8 sempre quello di immettere una nuova tecnologia sul mercato.<br \/>pe-lg<\/p>\n<p>Specializzazione<br \/>h4<br \/>Massima customizzazione per qualsiasi tipo di settore e impiego<br \/>icon-lamp<br \/>top<br \/>start<br \/><img decoding=\"async\" src=\"https:\/\/www.spheraencapsulation.com\/wp-content\/uploads\/2023\/06\/sphera-specializzazione.png#11642\" alt=\"sphera-specializzazione\" \/><br \/>84px<br \/>left<\/p>\n<p>Creativit\u00e0<br \/>h4<br \/>Tecniche e strumentazioni all\u2019avanguardia, da mixare a seconda del progetto.<br \/>icon-lamp<br \/>top<br \/>start<br \/><img decoding=\"async\" src=\"https:\/\/www.spheraencapsulation.com\/wp-content\/uploads\/2023\/06\/sphera-creativita.png#11632\" alt=\"sphera-creativit\u00e0\" \/><br \/>84px<br \/>left<\/p>\n<p>Sostenibilit\u00e0<br \/>h4<br \/>Approccio 100% naturale, grazie a gusci completamente biodegradabili.<br \/>icon-lamp<br \/>top<br \/>start<br \/><img decoding=\"async\" src=\"https:\/\/www.spheraencapsulation.com\/wp-content\/uploads\/2023\/06\/sphera-sostenibilita.png#11640\" alt=\"sphera-sostenibilit\u00e0\" \/><br \/>84px<br \/>left<\/p>\n<p>I nostri servizi<br \/><a href=\"\">{permalink:11790}<\/a><br \/>left<br \/>2<br \/>btn<br \/>right<\/p>\n<p>Settori applicativi<br \/>#E84B28<br \/>small<\/p>\n<p>Tecnologie testate e convalidate per un\\&#8217;ampia gamma di settori<br \/>#ffffff<br \/>title-big<\/p>\n<p>Alimenti funzionali<br \/>h4<br \/>In questo settore lo scopo \u00e8 quello di arricchire gli alimenti con prodotti nutraceutici e salutistici che comunemente non si troverebbero in quel prodotto. La richiesta di alimenti con l\u2019aggiunta di sostanze e integratori aumenta in quanto si registra un\u2019attenzione sempre maggiore da parte dei consumatori per la prevenzione e la salute. L\u2019uso costante di questi ingredienti attivi nel tempo pu\u00f2 infatti prevenire numerosi tipi di patologie e il fatto di introdurli negli alimenti ne rende molto pi\u00f9 semplice e piacevole il consumo.<br \/>top<br \/>center<br \/><img decoding=\"async\" src=\"https:\/\/www.spheraencapsulation.com\/wp-content\/uploads\/2023\/06\/sphera-alimenti-funzionali_white.png#11644\" alt=\"sphera-alimenti-funzionali_white\" \/><br \/><a href=\"\">{permalink:11746}<\/a><br \/>icon-scale<br \/>120px<br \/>left<\/p>\n<p>Scopri di pi\u00f9<br \/><a href=\"\">{permalink:11746}<\/a><br \/>left<br \/>2<br \/>center<br \/>btn btn-orange<\/p>\n<p>Nutraceutica<br \/>h4<br \/>Il settore della nutraceutica si occupa dello studio di estratti vegetali, animali, minerali, e microorganismi per la promozione della salute umana. Trovare principi ed elementi in grado di essere incorporati tra loro per creare prodotti funzionali alla nostra salute \u00e8 uno nei nostri scopi principali.<br \/>top<br \/>center<br \/><img decoding=\"async\" src=\"https:\/\/www.spheraencapsulation.com\/wp-content\/uploads\/2023\/06\/sphera-nutraceutica_white.png#11648\" alt=\"sphera-nutraceutica_white\" \/><br \/><a href=\"\">{permalink:11750}<\/a><br \/>icon-scale<br \/>120px<br \/>left<\/p>\n<p>Scopri di pi\u00f9<br \/><a href=\"\">{permalink:11750}<\/a><br \/>left<br \/>2<br \/>center<br \/>btn btn-orange<\/p>\n<p>Agrochimica<br \/>h4<br \/>Rivoluzionare il settore agrochimico grazie a tecnologie di incapsulazione 100% sostenibili \u00e8 la sfida del nostro presente. Siamo in grado di sviluppare soluzioni per il sostentamento e il miglioramento dei prodotti per la nostra terra senza ricorre all\u2019uso di sostanze inquinanti per il pianeta.<br \/>icon-lamp<br \/>top<br \/>center<br \/><img decoding=\"async\" src=\"https:\/\/www.spheraencapsulation.com\/wp-content\/uploads\/2023\/06\/sphera-bevande-funzionali_white.png#11646\" alt=\"sphera-bevande-funzionali_white\" \/><br \/><a href=\"\">{permalink:11752}<\/a><br \/>icon-scale<br \/>120px<br \/>left<\/p>\n<p>Scopri di pi\u00f9<br \/><a href=\"\">{permalink:11752}<\/a><br \/>left<br \/>2<br \/>center<br \/>btn btn-orange<\/p>\n<p>Collaborazioni di successo.<br \/>center<br \/>#122236<br \/>title-big<\/p>\n<p><img decoding=\"async\" src=\"https:\/\/www.spheraencapsulation.com\/wp-content\/uploads\/2023\/06\/Glatt.svg#11505\" alt=\"Glatt\" \/><br \/>medium<br \/>lazy<br \/><a href=\"https:\/\/www.glatt.com\/\">https:\/\/www.glatt.com\/<\/a><br \/>Glatt<br \/>contain<br \/>center center<br \/>150px<br \/>center<\/p>\n<p><img decoding=\"async\" src=\"https:\/\/www.spheraencapsulation.com\/wp-content\/uploads\/2023\/06\/Buchi-logo.webp#11502\" alt=\"Buchi-logo\" \/><br \/>medium<br \/>lazy<br \/><a href=\"https:\/\/www.buchi.com\/it\">https:\/\/www.buchi.com\/it<\/a><br \/>Buchi<br \/>contain<br \/>center center<br \/>160px<br \/>center<\/p>\n<p><img decoding=\"async\" src=\"https:\/\/www.spheraencapsulation.com\/wp-content\/uploads\/soitra.jpeg#11834\" alt=\"Soitra\" \/><br \/>medium<br \/>lazy<br \/><a href=\"https:\/\/www.soitra.it\/\">https:\/\/www.soitra.it\/<\/a><br \/>Soitra<br \/>contain<br \/>center center<br \/>160px<br \/>center<\/p>\n<p><img decoding=\"async\" src=\"https:\/\/www.spheraencapsulation.com\/wp-content\/uploads\/brace.png#11836\" alt=\"brace\" \/><br \/>medium<br \/>lazy<br \/><a href=\"https:\/\/www.brace.de\/en\/about-brace.html\">https:\/\/www.brace.de\/en\/about-brace.html<\/a><br \/>Brace<br \/>contain<br \/>center center<br \/>150px<br \/>center<\/p>\n<h1>Per informazioni <a href=\"\/demo\/it\/contattaci\">contattaci<\/a><\/h1>\n<p>center<br \/>text-white<\/p>\n","protected":false},"excerpt":{"rendered":"<p>homepage-slider-en-1hide homepage-slider-it-mobhide Incapsulazione ispirata dalla natura#E84B28small Usiamo la tecnologia per costruire un mondo sostenibile#122236title-big Sphera Encapsulation \u00e8 la prima azienda italiana dedicata al 100% alla ricerca<span class=\"excerpt-hellip\"> [\u2026]<\/span><\/p>\n","protected":false},"author":7,"featured_media":11922,"parent":0,"menu_order":-99,"comment_status":"closed","ping_status":"closed","template":"","meta":{"inline_featured_image":false,"footnotes":""},"acf":[],"yoast_head":"<!-- This site is optimized with the Yoast SEO plugin v24.5 - https:\/\/yoast.com\/wordpress\/plugins\/seo\/ -->\n<title>Sphera Encapsulation - Incapsulazione sostenibile<\/title>\n<meta name=\"description\" content=\"Sphera Encapsulation \u00e8 la prima azienda italiana dedicata a ricerca e sviluppo nel campo delle tecnologie di incapsulazione sostenibile.\" \/>\n<meta name=\"robots\" content=\"index, follow, max-snippet:-1, max-image-preview:large, max-video-preview:-1\" \/>\n<link rel=\"canonical\" href=\"https:\/\/www.spheraencapsulation.com\/it\/\" \/>\n<meta property=\"og:locale\" content=\"it_IT\" \/>\n<meta property=\"og:type\" content=\"article\" \/>\n<meta property=\"og:title\" content=\"Sphera Encapsulation - Incapsulazione sostenibile\" \/>\n<meta property=\"og:description\" content=\"Sphera Encapsulation \u00e8 la prima azienda italiana dedicata a ricerca e sviluppo nel campo delle tecnologie di incapsulazione sostenibile.\" \/>\n<meta property=\"og:url\" content=\"https:\/\/www.spheraencapsulation.com\/it\/\" \/>\n<meta property=\"og:site_name\" content=\"Sphera Encapsulation\" \/>\n<meta property=\"article:modified_time\" content=\"2023-10-25T09:52:09+00:00\" \/>\n<meta property=\"og:image\" content=\"https:\/\/www.spheraencapsulation.com\/wp-content\/uploads\/Livello-6-1.jpg\" \/>\n\t<meta property=\"og:image:width\" content=\"800\" \/>\n\t<meta property=\"og:image:height\" content=\"1200\" \/>\n\t<meta property=\"og:image:type\" content=\"image\/jpeg\" \/>\n<meta name=\"twitter:card\" content=\"summary_large_image\" \/>\n<script type=\"application\/ld+json\" class=\"yoast-schema-graph\">{\"@context\":\"https:\/\/schema.org\",\"@graph\":[{\"@type\":\"WebPage\",\"@id\":\"https:\/\/www.spheraencapsulation.com\/it\/\",\"url\":\"https:\/\/www.spheraencapsulation.com\/it\/\",\"name\":\"Sphera Encapsulation - Incapsulazione sostenibile\",\"isPartOf\":{\"@id\":\"https:\/\/www.spheraencapsulation.com\/it\/#website\"},\"primaryImageOfPage\":{\"@id\":\"https:\/\/www.spheraencapsulation.com\/it\/#primaryimage\"},\"image\":{\"@id\":\"https:\/\/www.spheraencapsulation.com\/it\/#primaryimage\"},\"thumbnailUrl\":\"https:\/\/www.spheraencapsulation.com\/wp-content\/uploads\/Livello-6-1.jpg\",\"datePublished\":\"2023-05-11T10:53:46+00:00\",\"dateModified\":\"2023-10-25T09:52:09+00:00\",\"description\":\"Sphera Encapsulation \u00e8 la prima azienda italiana dedicata a ricerca e sviluppo nel campo delle tecnologie di incapsulazione sostenibile.\",\"breadcrumb\":{\"@id\":\"https:\/\/www.spheraencapsulation.com\/it\/#breadcrumb\"},\"inLanguage\":\"it-IT\",\"potentialAction\":[{\"@type\":\"ReadAction\",\"target\":[\"https:\/\/www.spheraencapsulation.com\/it\/\"]}]},{\"@type\":\"ImageObject\",\"inLanguage\":\"it-IT\",\"@id\":\"https:\/\/www.spheraencapsulation.com\/it\/#primaryimage\",\"url\":\"https:\/\/www.spheraencapsulation.com\/wp-content\/uploads\/Livello-6-1.jpg\",\"contentUrl\":\"https:\/\/www.spheraencapsulation.com\/wp-content\/uploads\/Livello-6-1.jpg\",\"width\":800,\"height\":1200,\"caption\":\"incapsulazione a verona\"},{\"@type\":\"BreadcrumbList\",\"@id\":\"https:\/\/www.spheraencapsulation.com\/it\/#breadcrumb\",\"itemListElement\":[{\"@type\":\"ListItem\",\"position\":1,\"name\":\"Home\",\"item\":\"https:\/\/www.spheraencapsulation.com\/it\/\"},{\"@type\":\"ListItem\",\"position\":2,\"name\":\"Homepage\"}]},{\"@type\":\"WebSite\",\"@id\":\"https:\/\/www.spheraencapsulation.com\/it\/#website\",\"url\":\"https:\/\/www.spheraencapsulation.com\/it\/\",\"name\":\"Sphera Encapsulation\",\"description\":\"Natural, biodegradable, biocompatible\",\"potentialAction\":[{\"@type\":\"SearchAction\",\"target\":{\"@type\":\"EntryPoint\",\"urlTemplate\":\"https:\/\/www.spheraencapsulation.com\/it\/?s={search_term_string}\"},\"query-input\":{\"@type\":\"PropertyValueSpecification\",\"valueRequired\":true,\"valueName\":\"search_term_string\"}}],\"inLanguage\":\"it-IT\"}]}<\/script>\n<!-- \/ Yoast SEO plugin. -->","yoast_head_json":{"title":"Sphera Encapsulation - Incapsulazione sostenibile","description":"Sphera Encapsulation \u00e8 la prima azienda italiana dedicata a ricerca e sviluppo nel campo delle tecnologie di incapsulazione sostenibile.","robots":{"index":"index","follow":"follow","max-snippet":"max-snippet:-1","max-image-preview":"max-image-preview:large","max-video-preview":"max-video-preview:-1"},"canonical":"https:\/\/www.spheraencapsulation.com\/it\/","og_locale":"it_IT","og_type":"article","og_title":"Sphera Encapsulation - Incapsulazione sostenibile","og_description":"Sphera Encapsulation \u00e8 la prima azienda italiana dedicata a ricerca e sviluppo nel campo delle tecnologie di incapsulazione sostenibile.","og_url":"https:\/\/www.spheraencapsulation.com\/it\/","og_site_name":"Sphera Encapsulation","article_modified_time":"2023-10-25T09:52:09+00:00","og_image":[{"width":800,"height":1200,"url":"https:\/\/www.spheraencapsulation.com\/wp-content\/uploads\/Livello-6-1.jpg","type":"image\/jpeg"}],"twitter_card":"summary_large_image","schema":{"@context":"https:\/\/schema.org","@graph":[{"@type":"WebPage","@id":"https:\/\/www.spheraencapsulation.com\/it\/","url":"https:\/\/www.spheraencapsulation.com\/it\/","name":"Sphera Encapsulation - Incapsulazione sostenibile","isPartOf":{"@id":"https:\/\/www.spheraencapsulation.com\/it\/#website"},"primaryImageOfPage":{"@id":"https:\/\/www.spheraencapsulation.com\/it\/#primaryimage"},"image":{"@id":"https:\/\/www.spheraencapsulation.com\/it\/#primaryimage"},"thumbnailUrl":"https:\/\/www.spheraencapsulation.com\/wp-content\/uploads\/Livello-6-1.jpg","datePublished":"2023-05-11T10:53:46+00:00","dateModified":"2023-10-25T09:52:09+00:00","description":"Sphera Encapsulation \u00e8 la prima azienda italiana dedicata a ricerca e sviluppo nel campo delle tecnologie di incapsulazione sostenibile.","breadcrumb":{"@id":"https:\/\/www.spheraencapsulation.com\/it\/#breadcrumb"},"inLanguage":"it-IT","potentialAction":[{"@type":"ReadAction","target":["https:\/\/www.spheraencapsulation.com\/it\/"]}]},{"@type":"ImageObject","inLanguage":"it-IT","@id":"https:\/\/www.spheraencapsulation.com\/it\/#primaryimage","url":"https:\/\/www.spheraencapsulation.com\/wp-content\/uploads\/Livello-6-1.jpg","contentUrl":"https:\/\/www.spheraencapsulation.com\/wp-content\/uploads\/Livello-6-1.jpg","width":800,"height":1200,"caption":"incapsulazione a verona"},{"@type":"BreadcrumbList","@id":"https:\/\/www.spheraencapsulation.com\/it\/#breadcrumb","itemListElement":[{"@type":"ListItem","position":1,"name":"Home","item":"https:\/\/www.spheraencapsulation.com\/it\/"},{"@type":"ListItem","position":2,"name":"Homepage"}]},{"@type":"WebSite","@id":"https:\/\/www.spheraencapsulation.com\/it\/#website","url":"https:\/\/www.spheraencapsulation.com\/it\/","name":"Sphera Encapsulation","description":"Natural, biodegradable, biocompatible","potentialAction":[{"@type":"SearchAction","target":{"@type":"EntryPoint","urlTemplate":"https:\/\/www.spheraencapsulation.com\/it\/?s={search_term_string}"},"query-input":{"@type":"PropertyValueSpecification","valueRequired":true,"valueName":"search_term_string"}}],"inLanguage":"it-IT"}]}},"_links":{"self":[{"href":"https:\/\/www.spheraencapsulation.com\/it\/wp-json\/wp\/v2\/pages\/11050"}],"collection":[{"href":"https:\/\/www.spheraencapsulation.com\/it\/wp-json\/wp\/v2\/pages"}],"about":[{"href":"https:\/\/www.spheraencapsulation.com\/it\/wp-json\/wp\/v2\/types\/page"}],"author":[{"embeddable":true,"href":"https:\/\/www.spheraencapsulation.com\/it\/wp-json\/wp\/v2\/users\/7"}],"replies":[{"embeddable":true,"href":"https:\/\/www.spheraencapsulation.com\/it\/wp-json\/wp\/v2\/comments?post=11050"}],"version-history":[{"count":1,"href":"https:\/\/www.spheraencapsulation.com\/it\/wp-json\/wp\/v2\/pages\/11050\/revisions"}],"predecessor-version":[{"id":12177,"href":"https:\/\/www.spheraencapsulation.com\/it\/wp-json\/wp\/v2\/pages\/11050\/revisions\/12177"}],"wp:featuredmedia":[{"embeddable":true,"href":"https:\/\/www.spheraencapsulation.com\/it\/wp-json\/wp\/v2\/media\/11922"}],"wp:attachment":[{"href":"https:\/\/www.spheraencapsulation.com\/it\/wp-json\/wp\/v2\/media?parent=11050"}],"curies":[{"name":"wp","href":"https:\/\/api.w.org\/{rel}","templated":true}]}}