{"id":11790,"date":"2023-07-11T17:20:58","date_gmt":"2023-07-11T15:20:58","guid":{"rendered":"https:\/\/www.creativart.cloud\/demo\/?page_id=11790"},"modified":"2026-03-30T12:22:58","modified_gmt":"2026-03-30T10:22:58","slug":"servizi","status":"publish","type":"page","link":"https:\/\/www.spheraencapsulation.com\/it\/servizi\/","title":{"rendered":"Servizi"},"content":{"rendered":"<p>Le nostre specialit\u00e0<\/p>\n<h1>Prodotti personalizzati per prestazioni specifiche<\/h1>\n<p>Servizi di incapsulazione personalizzati. Il nostro laboratorio \u00e8 il cuore dell\u2019attivit\u00e0, ed \u00e8 l\u00ec che esperienza e creativit\u00e0 creano un mix perfetto dando grandi risultati: le nostre microcapsule, o microsfere, 100% biodegradabili.Ogni nostro progetto nasce da un\u2019esigenza specifica: che sia un problema che ci poniamo noi o una richiesta di un cliente, l\u2019obiettivo \u00e8 sempre quello di immettere una nuova tecnologia sul mercato.<\/p>\n<p><img decoding=\"async\" src=\"https:\/\/www.spheraencapsulation.com\/wp-content\/uploads\/sphera-qualita.png#11930\" alt=\"sphera-qualit\u00e0\" \/><br \/>\nthumbnail<br \/>\ncontain<br \/>\ncenter center<br \/>\nleft<br \/>\nico-servizi<\/p>\n<h1>Qualit\u00e0<\/h1>\n<p>Collaboriamo con istituti di ricerca per poter essere sempre all\u2019avanguardia, su tutti i fronti.In primis, per quanto riguarda la ricerca di soluzioni a basso impatto ambientale, da sempre la nostra priorit\u00e0. Grazie a questa politica, abbiamo sviluppato soluzioni tutelate da brevetti, garantendo cos\u00ec massima qualit\u00e0 e protezione dei processi di produzione delle nostre capsule e sfere.<\/p>\n<p><img decoding=\"async\" src=\"https:\/\/www.spheraencapsulation.com\/wp-content\/uploads\/sphera-completezza.png#11932\" alt=\"sphera-completezza\" \/><br \/>\nthumbnail<br \/>\ncontain<br \/>\ncenter center<br \/>\nleft<br \/>\nico-servizi<\/p>\n<h1>Completezza<\/h1>\n<p>Un servizio a tutto tondo: formulazione customizzata di micro e nano-incapsulati, lavorazione dei prototipi, simulazione del loro funzionamento, valutazione delle dinamiche di rilascio, consulenza su scale-up di processo.<\/p>\n<p><img decoding=\"async\" src=\"https:\/\/www.spheraencapsulation.com\/wp-content\/uploads\/sphera-flessibilita.png#11934\" alt=\"sphera-flessibilit\u00e0\" \/><br \/>\nthumbnail<br \/>\ncontain<br \/>\ncenter center<br \/>\nleft<br \/>\nico-servizi<\/p>\n<h1>Flessibilit\u00e0<\/h1>\n<p>Offriamo un pacchetto di servizi personalizzabili in base al prodotto che si intende creare o al problema che bisogna risolvere. Spesso lavoriamo fornendo anche solo la semplice formulazione di microcapsule e microsfere, come ad esempio una serie di analisi volte a valutare la stabilit\u00e0 di un incapsulato e della sostanza in esso presente in specifiche condizioni.<\/p>\n<p>20<\/p>\n<p>Dall\\&#8217;ideazione al brevetto<\/p>\n<h1>Le fasi del progetto<\/h1>\n<p>Ideazione<br \/>\nRicerca e sviluppo<br \/>\nLa produzione pilota<br \/>\nIl processo di industrializzazione<br \/>\nBrevetti e licenze<\/p>\n<h3>Soluzioni tailor-made, da zero<\/h3>\n<p>Volete creare un prodotto innovativo ma non avete ancora le idee del tutto chiare? Noi di Sphera siamo in grado di seguirvi nell\u2019intero processo per ideare e realizzare il prodotto che cercate.<\/p>\n<p>A partire dai vostri obiettivi di business o dalle vostre intuizioni, formuleremo insieme il modo migliore per aggiungere valore ai vostri prodotti o per crearne di completamente nuovi. Dall\u2019idea al design, dal know how al marketing, inventiamo letteralmente una soluzione tecnologica competitiva, pronta per essere immessa sul mercato.<\/p>\n<h3>Dall\u2019idea alla prototipazione.<\/h3>\n<p>Studio di fattibilit\u00e0 e prototipazione sono le prime due cose a cui ci dedichiamo quando iniziamo un progetto. Prima per\u00f2, c\u2019\u00e8 l\u2019ascolto: delle vostre idee, i vostri obiettivi, delle esigenze che i vostri ingredienti e materiali possono presentare. Come si comportano le vostre molecole nelle diverse situazioni? Di cosa hanno bisogno per essere protette da calore o acidit\u00e0? Come fare affinch\u00e9 vengano rilasciate quando occorre?<\/p>\n<p>A questo punto, valutiamo i diversi approcci tecnici e testiamo un vasto numero di formulazioni, creando prototipi su scala di laboratorio (30-50 g). I campioni, dopo una fase di analisi e caratterizzazione, vengono inviati insieme a un report tecnico. Decidiamo poi quali studi di stabilit\u00e0 eseguire: stress test, studi sul rilascio, digestione simulata nel caso di nutraceutici e alimenti, studi cellulari e molto altro. Una volta trovata la soluzione ideale, si passa alla produzione pilota delle microcapsule e microsfere.<\/p>\n<h3>Poco prima della soluzione perfetta.<\/h3>\n<p>Dopo un\u2019attenta valutazione dei risultati ottenuti con i primi prototipi, selezioniamo e ottimizziamo gli approcci vincenti per preparaci alla fase pilota. Di cosa si tratta? \u00c8 la fase di produzione pre-industriale: una sorta di \u201cprova\u201d con cui perfezioniamo tutti i parametri e verifichiamo la validit\u00e0 dei processi per l\u2019industrializzazione.<\/p>\n<p>Grazie agli impianti, alle tecnologie e alle nostre collaborazioni, siamo in grado di preparare la fase pilota con una produzione di microcapsule e microsfere che va dai 2 ai 25 kg, seguendo tutte le procedure della produzione su larga scala. Questo ci permette di testare in condizioni reali l\u2019intero processo e di controllare come si comporta la formulazione all\u2019interno di un contesto diverso dal laboratorio.<\/p>\n<h3>Siamo agli sgoccioli.<\/h3>\n<p>Conclusa la fase di testing \u2013 e risposto a tutte le vostre richieste \u2013 la formulazione passa al processo di industrializzazione, in cui siamo in grado di riprodurre su larga scala tutte le tecniche da laboratorio. Ma cosa ancora pi\u00f9 importante, siamo disponibili a supportarvi nel caso in cui scegliate di portare la produzione di nano e microincapsulati nelle vostre strutture. Qui, trasferiamo al vostro team il giusto know-how per gestire tutti i processi, passo dopo passo.<\/p>\n<p>Nel caso di tecnologie del tutto innovative, garantiamo assistenza in tutte le fasi di creazione e produzione della linea di prodotto, trovando la soluzione pi\u00f9 efficace, facile e redditizia per la vostra impresa. Prodotti unici e competitivi sul mercato: questo \u00e8 il risultato a cui mira tutto il nostro team, da sempre.<\/p>\n<h3>Qualit\u00e0 tecnologica al servizio di tutti.<\/h3>\n<p>Attraverso questa formula potete scegliere di essere i fruitori esclusivi della nostra tecnologia per quanto riguarda il vostro mercato di interesse. Questo vi permetter\u00e0 di differenziarvi dai competitors e garantir\u00e0 l\u2019unicit\u00e0 del vostro prodotto. La produzione su larga scala delle nostre microcapsule e microsfere potr\u00e0 poi essere concordata ed effettuata presso i nostri partner, presso un\u2019azienda scelta dal cliente oppure presso il sito del cliente stesso.<\/p>\n<p>Per l\u2019utilizzo delle tecnologie di cui Sphera \u00e8 proprietaria sono previste delle Royalties sulla vendita dei prodotti.<br \/>\naccordion<br \/>\n0px 0px 0px 0px 0<\/p>\n<h1>Per informazioni <a href=\"\/demo\/it\/contattaci\">contattaci<\/a><\/h1>\n<p>center<br \/>\ntext-white<\/p>\n","protected":false},"excerpt":{"rendered":"<p>Le nostre specialit\u00e0 Prodotti personalizzati per prestazioni specifiche Servizi di incapsulazione personalizzati. Il nostro laboratorio \u00e8 il cuore dell\u2019attivit\u00e0, ed \u00e8 l\u00ec che esperienza e creativit\u00e0<span class=\"excerpt-hellip\"> [\u2026]<\/span><\/p>\n","protected":false},"author":7,"featured_media":11928,"parent":0,"menu_order":0,"comment_status":"closed","ping_status":"closed","template":"","meta":{"inline_featured_image":false,"footnotes":""},"acf":[],"yoast_head":"<!-- This site is optimized with the Yoast SEO plugin v24.5 - https:\/\/yoast.com\/wordpress\/plugins\/seo\/ -->\n<title>Servizi di incapsulazione personalizzati - Sphera Encapsulation<\/title>\n<meta name=\"description\" content=\"Servizi di incapsulazione personalizzati: esperienza e creativit\u00e0, le nostre microcapsule, o microsfere, 100% biodegradabili.\" \/>\n<meta name=\"robots\" content=\"index, follow, max-snippet:-1, max-image-preview:large, max-video-preview:-1\" \/>\n<link rel=\"canonical\" href=\"https:\/\/www.spheraencapsulation.com\/it\/servizi\/\" \/>\n<meta property=\"og:locale\" content=\"it_IT\" \/>\n<meta property=\"og:type\" content=\"article\" \/>\n<meta property=\"og:title\" content=\"Servizi di incapsulazione personalizzati - Sphera Encapsulation\" \/>\n<meta property=\"og:description\" content=\"Servizi di incapsulazione personalizzati: esperienza e creativit\u00e0, le nostre microcapsule, o microsfere, 100% biodegradabili.\" \/>\n<meta property=\"og:url\" content=\"https:\/\/www.spheraencapsulation.com\/it\/servizi\/\" \/>\n<meta property=\"og:site_name\" content=\"Sphera Encapsulation\" \/>\n<meta property=\"article:modified_time\" content=\"2026-03-30T10:22:58+00:00\" \/>\n<meta property=\"og:image\" content=\"https:\/\/www.spheraencapsulation.com\/wp-content\/uploads\/spray-chilling.jpg\" \/>\n\t<meta property=\"og:image:width\" content=\"800\" \/>\n\t<meta property=\"og:image:height\" content=\"1200\" \/>\n\t<meta property=\"og:image:type\" content=\"image\/jpeg\" \/>\n<meta name=\"twitter:card\" content=\"summary_large_image\" \/>\n<script type=\"application\/ld+json\" class=\"yoast-schema-graph\">{\"@context\":\"https:\/\/schema.org\",\"@graph\":[{\"@type\":\"WebPage\",\"@id\":\"https:\/\/www.spheraencapsulation.com\/it\/servizi\/\",\"url\":\"https:\/\/www.spheraencapsulation.com\/it\/servizi\/\",\"name\":\"Servizi di incapsulazione personalizzati - Sphera Encapsulation\",\"isPartOf\":{\"@id\":\"https:\/\/www.spheraencapsulation.com\/it\/#website\"},\"primaryImageOfPage\":{\"@id\":\"https:\/\/www.spheraencapsulation.com\/it\/servizi\/#primaryimage\"},\"image\":{\"@id\":\"https:\/\/www.spheraencapsulation.com\/it\/servizi\/#primaryimage\"},\"thumbnailUrl\":\"https:\/\/www.spheraencapsulation.com\/wp-content\/uploads\/spray-chilling.jpg\",\"datePublished\":\"2023-07-11T15:20:58+00:00\",\"dateModified\":\"2026-03-30T10:22:58+00:00\",\"description\":\"Servizi di incapsulazione personalizzati: esperienza e creativit\u00e0, le nostre microcapsule, o microsfere, 100% biodegradabili.\",\"breadcrumb\":{\"@id\":\"https:\/\/www.spheraencapsulation.com\/it\/servizi\/#breadcrumb\"},\"inLanguage\":\"it-IT\",\"potentialAction\":[{\"@type\":\"ReadAction\",\"target\":[\"https:\/\/www.spheraencapsulation.com\/it\/servizi\/\"]}]},{\"@type\":\"ImageObject\",\"inLanguage\":\"it-IT\",\"@id\":\"https:\/\/www.spheraencapsulation.com\/it\/servizi\/#primaryimage\",\"url\":\"https:\/\/www.spheraencapsulation.com\/wp-content\/uploads\/spray-chilling.jpg\",\"contentUrl\":\"https:\/\/www.spheraencapsulation.com\/wp-content\/uploads\/spray-chilling.jpg\",\"width\":800,\"height\":1200,\"caption\":\"spray chilling - servizi di incapsulazione\"},{\"@type\":\"BreadcrumbList\",\"@id\":\"https:\/\/www.spheraencapsulation.com\/it\/servizi\/#breadcrumb\",\"itemListElement\":[{\"@type\":\"ListItem\",\"position\":1,\"name\":\"Home\",\"item\":\"https:\/\/www.spheraencapsulation.com\/it\/\"},{\"@type\":\"ListItem\",\"position\":2,\"name\":\"Servizi\"}]},{\"@type\":\"WebSite\",\"@id\":\"https:\/\/www.spheraencapsulation.com\/it\/#website\",\"url\":\"https:\/\/www.spheraencapsulation.com\/it\/\",\"name\":\"Sphera Encapsulation\",\"description\":\"Natural, biodegradable, biocompatible\",\"potentialAction\":[{\"@type\":\"SearchAction\",\"target\":{\"@type\":\"EntryPoint\",\"urlTemplate\":\"https:\/\/www.spheraencapsulation.com\/it\/?s={search_term_string}\"},\"query-input\":{\"@type\":\"PropertyValueSpecification\",\"valueRequired\":true,\"valueName\":\"search_term_string\"}}],\"inLanguage\":\"it-IT\"}]}<\/script>\n<!-- \/ Yoast SEO plugin. -->","yoast_head_json":{"title":"Servizi di incapsulazione personalizzati - Sphera Encapsulation","description":"Servizi di incapsulazione personalizzati: esperienza e creativit\u00e0, le nostre microcapsule, o microsfere, 100% biodegradabili.","robots":{"index":"index","follow":"follow","max-snippet":"max-snippet:-1","max-image-preview":"max-image-preview:large","max-video-preview":"max-video-preview:-1"},"canonical":"https:\/\/www.spheraencapsulation.com\/it\/servizi\/","og_locale":"it_IT","og_type":"article","og_title":"Servizi di incapsulazione personalizzati - Sphera Encapsulation","og_description":"Servizi di incapsulazione personalizzati: esperienza e creativit\u00e0, le nostre microcapsule, o microsfere, 100% biodegradabili.","og_url":"https:\/\/www.spheraencapsulation.com\/it\/servizi\/","og_site_name":"Sphera Encapsulation","article_modified_time":"2026-03-30T10:22:58+00:00","og_image":[{"width":800,"height":1200,"url":"https:\/\/www.spheraencapsulation.com\/wp-content\/uploads\/spray-chilling.jpg","type":"image\/jpeg"}],"twitter_card":"summary_large_image","schema":{"@context":"https:\/\/schema.org","@graph":[{"@type":"WebPage","@id":"https:\/\/www.spheraencapsulation.com\/it\/servizi\/","url":"https:\/\/www.spheraencapsulation.com\/it\/servizi\/","name":"Servizi di incapsulazione personalizzati - Sphera Encapsulation","isPartOf":{"@id":"https:\/\/www.spheraencapsulation.com\/it\/#website"},"primaryImageOfPage":{"@id":"https:\/\/www.spheraencapsulation.com\/it\/servizi\/#primaryimage"},"image":{"@id":"https:\/\/www.spheraencapsulation.com\/it\/servizi\/#primaryimage"},"thumbnailUrl":"https:\/\/www.spheraencapsulation.com\/wp-content\/uploads\/spray-chilling.jpg","datePublished":"2023-07-11T15:20:58+00:00","dateModified":"2026-03-30T10:22:58+00:00","description":"Servizi di incapsulazione personalizzati: esperienza e creativit\u00e0, le nostre microcapsule, o microsfere, 100% biodegradabili.","breadcrumb":{"@id":"https:\/\/www.spheraencapsulation.com\/it\/servizi\/#breadcrumb"},"inLanguage":"it-IT","potentialAction":[{"@type":"ReadAction","target":["https:\/\/www.spheraencapsulation.com\/it\/servizi\/"]}]},{"@type":"ImageObject","inLanguage":"it-IT","@id":"https:\/\/www.spheraencapsulation.com\/it\/servizi\/#primaryimage","url":"https:\/\/www.spheraencapsulation.com\/wp-content\/uploads\/spray-chilling.jpg","contentUrl":"https:\/\/www.spheraencapsulation.com\/wp-content\/uploads\/spray-chilling.jpg","width":800,"height":1200,"caption":"spray chilling - servizi di incapsulazione"},{"@type":"BreadcrumbList","@id":"https:\/\/www.spheraencapsulation.com\/it\/servizi\/#breadcrumb","itemListElement":[{"@type":"ListItem","position":1,"name":"Home","item":"https:\/\/www.spheraencapsulation.com\/it\/"},{"@type":"ListItem","position":2,"name":"Servizi"}]},{"@type":"WebSite","@id":"https:\/\/www.spheraencapsulation.com\/it\/#website","url":"https:\/\/www.spheraencapsulation.com\/it\/","name":"Sphera Encapsulation","description":"Natural, biodegradable, biocompatible","potentialAction":[{"@type":"SearchAction","target":{"@type":"EntryPoint","urlTemplate":"https:\/\/www.spheraencapsulation.com\/it\/?s={search_term_string}"},"query-input":{"@type":"PropertyValueSpecification","valueRequired":true,"valueName":"search_term_string"}}],"inLanguage":"it-IT"}]}},"_links":{"self":[{"href":"https:\/\/www.spheraencapsulation.com\/it\/wp-json\/wp\/v2\/pages\/11790"}],"collection":[{"href":"https:\/\/www.spheraencapsulation.com\/it\/wp-json\/wp\/v2\/pages"}],"about":[{"href":"https:\/\/www.spheraencapsulation.com\/it\/wp-json\/wp\/v2\/types\/page"}],"author":[{"embeddable":true,"href":"https:\/\/www.spheraencapsulation.com\/it\/wp-json\/wp\/v2\/users\/7"}],"replies":[{"embeddable":true,"href":"https:\/\/www.spheraencapsulation.com\/it\/wp-json\/wp\/v2\/comments?post=11790"}],"version-history":[{"count":3,"href":"https:\/\/www.spheraencapsulation.com\/it\/wp-json\/wp\/v2\/pages\/11790\/revisions"}],"predecessor-version":[{"id":12183,"href":"https:\/\/www.spheraencapsulation.com\/it\/wp-json\/wp\/v2\/pages\/11790\/revisions\/12183"}],"wp:featuredmedia":[{"embeddable":true,"href":"https:\/\/www.spheraencapsulation.com\/it\/wp-json\/wp\/v2\/media\/11928"}],"wp:attachment":[{"href":"https:\/\/www.spheraencapsulation.com\/it\/wp-json\/wp\/v2\/media?parent=11790"}],"curies":[{"name":"wp","href":"https:\/\/api.w.org\/{rel}","templated":true}]}}